{"id":2517,"date":"2025-02-07T15:34:21","date_gmt":"2025-02-07T21:34:21","guid":{"rendered":"https:\/\/tuconsejeria.com\/?page_id=2517"},"modified":"2025-02-07T17:11:50","modified_gmt":"2025-02-07T23:11:50","slug":"solicitud-recibida-satisfactoriamente","status":"publish","type":"page","link":"https:\/\/tuconsejeria.com\/en\/solicitud-recibida-satisfactoriamente\/","title":{"rendered":"Solicitud recibida satisfactoriamente"},"content":{"rendered":"<div data-elementor-type=\"wp-page\" data-elementor-id=\"2517\" class=\"elementor elementor-2517\" data-elementor-post-type=\"page\">\n\t\t\t\t<div class=\"elementor-element elementor-element-8ded2e3 e-grid e-con-full e-con e-parent\" data-id=\"8ded2e3\" data-element_type=\"container\" data-settings=\"{&quot;background_background&quot;:&quot;classic&quot;}\">\n\t\t<div class=\"elementor-element elementor-element-8ea731c e-con-full e-flex e-con e-child\" data-id=\"8ea731c\" data-element_type=\"container\">\n\t\t\t\t<div class=\"elementor-element elementor-element-b264064 elementor-widget-tablet__width-auto elementor-widget-mobile__width-initial elementor-widget elementor-widget-heading\" data-id=\"b264064\" data-element_type=\"widget\" data-widget_type=\"heading.default\">\n\t\t\t\t<div class=\"elementor-widget-container\">\n\t\t\t\t\t<h2 class=\"elementor-heading-title elementor-size-default\">Solicitud <b>recibida<\/b><br>satisfactoriamente<\/h2>\t\t\t\t<\/div>\n\t\t\t\t<\/div>\n\t\t\t\t<div class=\"elementor-element elementor-element-a49c418 elementor-widget__width-initial elementor-widget elementor-widget-heading\" data-id=\"a49c418\" data-element_type=\"widget\" data-widget_type=\"heading.default\">\n\t\t\t\t<div class=\"elementor-widget-container\">\n\t\t\t\t\t<h2 class=\"elementor-heading-title elementor-size-default\">Hemos recibido tu solicitud y nos pondremos en contacto contigo en un plazo de 1 a 2 d\u00edas h\u00e1biles, a trav\u00e9s de WhatsApp o el medio que utilizaste para contactarnos. En ese momento, te proporcionaremos informaci\u00f3n sobre la profesional asignada, m\u00e9todos de pago y detalles adicionales para comenzar tu proceso. <span style=\"text-align: var(--text-align)\"><\/span><\/h2>\t\t\t\t<\/div>\n\t\t\t\t<\/div>\n\t\t\t\t<\/div>\n\t\t<div class=\"elementor-element elementor-element-9b6a7a9 e-flex e-con-boxed e-con e-child\" data-id=\"9b6a7a9\" data-element_type=\"container\" data-settings=\"{&quot;background_background&quot;:&quot;classic&quot;}\">\n\t\t\t\t\t<div class=\"e-con-inner\">\n\t\t\t\t<div class=\"elementor-element elementor-element-ca1f3b6 elementor-widget__width-initial elementor-widget elementor-widget-heading\" data-id=\"ca1f3b6\" data-element_type=\"widget\" data-widget_type=\"heading.default\">\n\t\t\t\t<div class=\"elementor-widget-container\">\n\t\t\t\t\t<h2 class=\"elementor-heading-title elementor-size-default\">Tu bienestar es nuestra prioridad<\/h2>\t\t\t\t<\/div>\n\t\t\t\t<\/div>\n\t\t\t\t<div class=\"elementor-element elementor-element-30c5a04 elementor-widget__width-initial elementor-widget elementor-widget-heading\" data-id=\"30c5a04\" data-element_type=\"widget\" data-widget_type=\"heading.default\">\n\t\t\t\t<div class=\"elementor-widget-container\">\n\t\t\t\t\t<h2 class=\"elementor-heading-title elementor-size-default\">Si est\u00e1s enfrentando una situaci\u00f3n de emergencia o necesitas apoyo inmediato, por favor, no dudes en contactar a las siguientes l\u00edneas de ayuda:<br>\n<b>-Chat de Emergencias: <\/b>Escr\u00edbenos ahora a trav\u00e9s de WhatsApp para recibir apoyo inmediato de nuestro equipo.<br>\n<b>-L\u00ednea de Prevenci\u00f3n del Suicidio en Guatemala:<\/b> 5392-5953 (Un equipo especializado est\u00e1 listo para escucharte y brindarte apoyo).<br>\n<b>-Atenci\u00f3n a Mujeres V\u00edctimas de Violencia:<\/b> 1572 (Si est\u00e1s enfrentando violencia, este n\u00famero puede ofrecerte apoyo y orientaci\u00f3n)<\/h2>\t\t\t\t<\/div>\n\t\t\t\t<\/div>\n\t\t\t\t<div class=\"elementor-element elementor-element-f2877a0 elementor-align-left elementor-tablet-align-center elementor-widget__width-initial elementor-widget elementor-widget-button\" data-id=\"f2877a0\" data-element_type=\"widget\" data-widget_type=\"button.default\">\n\t\t\t\t<div class=\"elementor-widget-container\">\n\t\t\t\t\t\t\t\t\t<div class=\"elementor-button-wrapper\">\n\t\t\t\t\t<a class=\"elementor-button elementor-button-link elementor-size-sm\" href=\"https:\/\/api.whatsapp.com\/send\/?phone=50245773129&#038;text=%C2%A1Hola%21+He+completado+mi+formulario+de+solicitud+de+terapia.&#038;type=phone_number&#038;app_absent=0\">\n\t\t\t\t\t\t<span class=\"elementor-button-content-wrapper\">\n\t\t\t\t\t\t<span class=\"elementor-button-icon\">\n\t\t\t\t<svg xmlns=\"http:\/\/www.w3.org\/2000\/svg\" width=\"16\" height=\"13\" viewbox=\"0 0 16 13\" fill=\"none\"><path d=\"M15.3172 7.05972L9.69219 12.6847C9.57491 12.802 9.41585 12.8679 9.25 12.8679C9.08415 12.8679 8.92509 12.802 8.80781 12.6847C8.69054 12.5674 8.62465 12.4084 8.62465 12.2425C8.62465 12.0767 8.69054 11.9176 8.80781 11.8003L13.3664 7.24254H1.125C0.95924 7.24254 0.800269 7.17669 0.683058 7.05948C0.565848 6.94227 0.5 6.7833 0.5 6.61754C0.5 6.45177 0.565848 6.2928 0.683058 6.17559C0.800269 6.05838 0.95924 5.99254 1.125 5.99254H13.3664L8.80781 1.43472C8.69054 1.31745 8.62465 1.15839 8.62465 0.992535C8.62465 0.826683 8.69054 0.667623 8.80781 0.550348C8.92509 0.433072 9.08415 0.367188 9.25 0.367188C9.41585 0.367188 9.57491 0.433072 9.69219 0.550348L15.3172 6.17535C15.3753 6.23339 15.4214 6.30232 15.4529 6.3782C15.4843 6.45407 15.5005 6.5354 15.5005 6.61754C15.5005 6.69967 15.4843 6.781 15.4529 6.85687C15.4214 6.93275 15.3753 7.00168 15.3172 7.05972Z\" fill=\"white\"><\/path><\/svg>\t\t\t<\/span>\n\t\t\t\t\t\t\t\t\t<span class=\"elementor-button-text\">Finalizar proceso<\/span>\n\t\t\t\t\t<\/span>\n\t\t\t\t\t<\/a>\n\t\t\t\t<\/div>\n\t\t\t\t\t\t\t\t<\/div>\n\t\t\t\t<\/div>\n\t\t\t\t\t<\/div>\n\t\t\t\t<\/div>\n\t\t\t\t<\/div>\n\t\t<div class=\"elementor-element elementor-element-273bc8d e-con-full e-flex e-con e-parent\" data-id=\"273bc8d\" data-element_type=\"container\" data-settings=\"{&quot;background_background&quot;:&quot;classic&quot;}\">\n\t\t<div class=\"elementor-element elementor-element-63a2ff1 e-con-full e-flex e-con e-child\" data-id=\"63a2ff1\" data-element_type=\"container\">\n\t\t<div class=\"elementor-element elementor-element-414db60 e-con-full my-container e-flex e-con e-child\" data-id=\"414db60\" data-element_type=\"container\">\n\t\t\t\t<div class=\"elementor-element elementor-element-b4e26c1 elementor-widget elementor-widget-heading\" data-id=\"b4e26c1\" data-element_type=\"widget\" data-widget_type=\"heading.default\">\n\t\t\t\t<div class=\"elementor-widget-container\">\n\t\t\t\t\t<h2 class=\"elementor-heading-title elementor-size-default\">No olvides seguirnos en nuestras redes sociales para estar al tanto de nuevas noticias y dem\u00e1s.<\/h2>\t\t\t\t<\/div>\n\t\t\t\t<\/div>\n\t\t\t\t<\/div>\n\t\t\t\t<\/div>\n\t\t<div class=\"elementor-element elementor-element-bb372c4 e-con-full e-flex e-con e-child\" data-id=\"bb372c4\" data-element_type=\"container\">\n\t\t<div class=\"elementor-element elementor-element-17aa5ae e-con-full my-container e-flex e-con e-child\" data-id=\"17aa5ae\" data-element_type=\"container\">\n\t\t\t\t<div class=\"elementor-element elementor-element-470c83d elementor-widget elementor-widget-image\" data-id=\"470c83d\" data-element_type=\"widget\" data-widget_type=\"image.default\">\n\t\t\t\t<div class=\"elementor-widget-container\">\n\t\t\t\t\t\t\t\t\t\t\t\t\t\t\t\t<a href=\"https:\/\/www.facebook.com\/tuconsejeria\/\" target=\"_blank\">\n\t\t\t\t\t\t\t<img decoding=\"async\" src=\"https:\/\/tuconsejeria.com\/wp-content\/uploads\/2024\/11\/facebook.svg\" title=\"facebook\" alt=\"facebook\" loading=\"lazy\" \/>\t\t\t\t\t\t\t\t<\/a>\n\t\t\t\t\t\t\t\t\t\t\t\t\t\t\t<\/div>\n\t\t\t\t<\/div>\n\t\t\t\t<div class=\"elementor-element elementor-element-a9ad59f elementor-widget elementor-widget-image\" data-id=\"a9ad59f\" data-element_type=\"widget\" data-widget_type=\"image.default\">\n\t\t\t\t<div class=\"elementor-widget-container\">\n\t\t\t\t\t\t\t\t\t\t\t\t\t\t\t\t<a href=\"https:\/\/x.com\/tuconsejeriala?s=21\" target=\"_blank\">\n\t\t\t\t\t\t\t<img decoding=\"async\" width=\"40\" height=\"41\" src=\"https:\/\/tuconsejeria.com\/wp-content\/uploads\/2024\/11\/Social-media-3.svg\" class=\"attachment-large size-large wp-image-622\" alt=\"\" \/>\t\t\t\t\t\t\t\t<\/a>\n\t\t\t\t\t\t\t\t\t\t\t\t\t\t\t<\/div>\n\t\t\t\t<\/div>\n\t\t\t\t<div class=\"elementor-element elementor-element-f39eda3 elementor-widget elementor-widget-image\" data-id=\"f39eda3\" data-element_type=\"widget\" data-widget_type=\"image.default\">\n\t\t\t\t<div class=\"elementor-widget-container\">\n\t\t\t\t\t\t\t\t\t\t\t\t\t\t\t\t<a href=\"https:\/\/www.instagram.com\/tuconsejeriala\/?igshid=jl2ab614c59r\" target=\"_blank\">\n\t\t\t\t\t\t\t<img decoding=\"async\" width=\"40\" height=\"41\" src=\"https:\/\/tuconsejeria.com\/wp-content\/uploads\/2024\/11\/Social-media-2.svg\" class=\"attachment-large size-large wp-image-621\" alt=\"\" \/>\t\t\t\t\t\t\t\t<\/a>\n\t\t\t\t\t\t\t\t\t\t\t\t\t\t\t<\/div>\n\t\t\t\t<\/div>\n\t\t\t\t<div class=\"elementor-element elementor-element-d2c0d11 elementor-widget elementor-widget-image\" data-id=\"d2c0d11\" data-element_type=\"widget\" data-widget_type=\"image.default\">\n\t\t\t\t<div class=\"elementor-widget-container\">\n\t\t\t\t\t\t\t\t\t\t\t\t\t\t\t\t<a href=\"https:\/\/www.linkedin.com\/company\/tuconsejeria\/posts\/?feedView=all\" target=\"_blank\">\n\t\t\t\t\t\t\t<img decoding=\"async\" width=\"40\" height=\"41\" src=\"https:\/\/tuconsejeria.com\/wp-content\/uploads\/2024\/11\/Social-media-1.svg\" class=\"attachment-large size-large wp-image-620\" alt=\"\" \/>\t\t\t\t\t\t\t\t<\/a>\n\t\t\t\t\t\t\t\t\t\t\t\t\t\t\t<\/div>\n\t\t\t\t<\/div>\n\t\t\t\t<div class=\"elementor-element elementor-element-a049650 elementor-widget elementor-widget-image\" data-id=\"a049650\" data-element_type=\"widget\" data-widget_type=\"image.default\">\n\t\t\t\t<div class=\"elementor-widget-container\">\n\t\t\t\t\t\t\t\t\t\t\t\t\t\t\t\t<a href=\"https:\/\/www.youtube.com\/channel\/UCUkC58JdQ_aLhI-VEyZhCsg\" target=\"_blank\">\n\t\t\t\t\t\t\t<img loading=\"lazy\" decoding=\"async\" width=\"40\" height=\"41\" src=\"https:\/\/tuconsejeria.com\/wp-content\/uploads\/2024\/11\/Social-media.svg\" class=\"attachment-large size-large wp-image-619\" alt=\"\" \/>\t\t\t\t\t\t\t\t<\/a>\n\t\t\t\t\t\t\t\t\t\t\t\t\t\t\t<\/div>\n\t\t\t\t<\/div>\n\t\t\t\t<\/div>\n\t\t\t\t<\/div>\n\t\t\t\t<\/div>\n\t\t\t\t<\/div>","protected":false},"excerpt":{"rendered":"<p>Solicitud recibidasatisfactoriamente Hemos recibido tu solicitud y nos pondremos en contacto contigo en un plazo de 1 a 2 d\u00edas h\u00e1biles, a trav\u00e9s de WhatsApp o el medio que utilizaste para contactarnos. En ese momento, te proporcionaremos informaci\u00f3n sobre la profesional asignada, m\u00e9todos de pago y detalles adicionales para comenzar tu proceso. Tu bienestar es [&hellip;]<\/p>","protected":false},"author":1,"featured_media":0,"parent":0,"menu_order":0,"comment_status":"closed","ping_status":"closed","template":"","meta":{"om_disable_all_campaigns":false,"_monsterinsights_skip_tracking":false,"_monsterinsights_sitenote_active":false,"_monsterinsights_sitenote_note":"","_monsterinsights_sitenote_category":0,"_uf_show_specific_survey":0,"_uf_disable_surveys":false,"footnotes":""},"class_list":["post-2517","page","type-page","status-publish","hentry"],"yoast_head":"<!-- This site is optimized with the Yoast SEO plugin v25.2 - https:\/\/yoast.com\/wordpress\/plugins\/seo\/ -->\n<title>Solicitud recibida satisfactoriamente - TuConsejeria<\/title>\n<meta name=\"robots\" content=\"index, follow, max-snippet:-1, max-image-preview:large, max-video-preview:-1\" \/>\n<link rel=\"canonical\" href=\"https:\/\/tuconsejeria.com\/en\/solicitud-recibida-satisfactoriamente\/\" \/>\n<meta property=\"og:locale\" content=\"en_US\" \/>\n<meta property=\"og:type\" content=\"article\" \/>\n<meta property=\"og:title\" content=\"Solicitud recibida satisfactoriamente - TuConsejeria\" \/>\n<meta property=\"og:description\" content=\"Solicitud recibidasatisfactoriamente Hemos recibido tu solicitud y nos pondremos en contacto contigo en un plazo de 1 a 2 d\u00edas h\u00e1biles, a trav\u00e9s de WhatsApp o el medio que utilizaste para contactarnos. En ese momento, te proporcionaremos informaci\u00f3n sobre la profesional asignada, m\u00e9todos de pago y detalles adicionales para comenzar tu proceso. Tu bienestar es [&hellip;]\" \/>\n<meta property=\"og:url\" content=\"https:\/\/tuconsejeria.com\/en\/solicitud-recibida-satisfactoriamente\/\" \/>\n<meta property=\"og:site_name\" content=\"TuConsejeria\" \/>\n<meta property=\"article:modified_time\" content=\"2025-02-07T23:11:50+00:00\" \/>\n<meta property=\"og:image\" content=\"https:\/\/tuconsejeria.com\/wp-content\/uploads\/2024\/11\/facebook.svg\" \/>\n<meta name=\"twitter:card\" content=\"summary_large_image\" \/>\n<meta name=\"twitter:label1\" content=\"Est. reading time\" \/>\n\t<meta name=\"twitter:data1\" content=\"2 minutes\" \/>\n<script type=\"application\/ld+json\" class=\"yoast-schema-graph\">{\"@context\":\"https:\/\/schema.org\",\"@graph\":[{\"@type\":\"WebPage\",\"@id\":\"https:\/\/tuconsejeria.com\/solicitud-recibida-satisfactoriamente\/\",\"url\":\"https:\/\/tuconsejeria.com\/solicitud-recibida-satisfactoriamente\/\",\"name\":\"Solicitud recibida satisfactoriamente - TuConsejeria\",\"isPartOf\":{\"@id\":\"https:\/\/tuconsejeria.com\/#website\"},\"primaryImageOfPage\":{\"@id\":\"https:\/\/tuconsejeria.com\/solicitud-recibida-satisfactoriamente\/#primaryimage\"},\"image\":{\"@id\":\"https:\/\/tuconsejeria.com\/solicitud-recibida-satisfactoriamente\/#primaryimage\"},\"thumbnailUrl\":\"https:\/\/tuconsejeria.com\/wp-content\/uploads\/2024\/11\/facebook.svg\",\"datePublished\":\"2025-02-07T21:34:21+00:00\",\"dateModified\":\"2025-02-07T23:11:50+00:00\",\"breadcrumb\":{\"@id\":\"https:\/\/tuconsejeria.com\/solicitud-recibida-satisfactoriamente\/#breadcrumb\"},\"inLanguage\":\"en-US\",\"potentialAction\":[{\"@type\":\"ReadAction\",\"target\":[\"https:\/\/tuconsejeria.com\/solicitud-recibida-satisfactoriamente\/\"]}]},{\"@type\":\"ImageObject\",\"inLanguage\":\"en-US\",\"@id\":\"https:\/\/tuconsejeria.com\/solicitud-recibida-satisfactoriamente\/#primaryimage\",\"url\":\"https:\/\/tuconsejeria.com\/wp-content\/uploads\/2024\/11\/facebook.svg\",\"contentUrl\":\"https:\/\/tuconsejeria.com\/wp-content\/uploads\/2024\/11\/facebook.svg\"},{\"@type\":\"BreadcrumbList\",\"@id\":\"https:\/\/tuconsejeria.com\/solicitud-recibida-satisfactoriamente\/#breadcrumb\",\"itemListElement\":[{\"@type\":\"ListItem\",\"position\":1,\"name\":\"Home\",\"item\":\"https:\/\/tuconsejeria.com\/\"},{\"@type\":\"ListItem\",\"position\":2,\"name\":\"Solicitud recibida satisfactoriamente\"}]},{\"@type\":\"WebSite\",\"@id\":\"https:\/\/tuconsejeria.com\/#website\",\"url\":\"https:\/\/tuconsejeria.com\/\",\"name\":\"TuConsejeria\",\"description\":\"Promovemos el bienestar emocional y psicol\u00f3gico a grupos vulnerables y desatendidos abordando sus necesidades espec\u00edficas.\",\"publisher\":{\"@id\":\"https:\/\/tuconsejeria.com\/#organization\"},\"potentialAction\":[{\"@type\":\"SearchAction\",\"target\":{\"@type\":\"EntryPoint\",\"urlTemplate\":\"https:\/\/tuconsejeria.com\/?s={search_term_string}\"},\"query-input\":{\"@type\":\"PropertyValueSpecification\",\"valueRequired\":true,\"valueName\":\"search_term_string\"}}],\"inLanguage\":\"en-US\"},{\"@type\":\"Organization\",\"@id\":\"https:\/\/tuconsejeria.com\/#organization\",\"name\":\"TuConsejeria\",\"url\":\"https:\/\/tuconsejeria.com\/\",\"logo\":{\"@type\":\"ImageObject\",\"inLanguage\":\"en-US\",\"@id\":\"https:\/\/tuconsejeria.com\/#\/schema\/logo\/image\/\",\"url\":\"https:\/\/tuconsejeria.com\/wp-content\/uploads\/2024\/11\/e37b110cd866adacdf88851140929316.svg\",\"contentUrl\":\"https:\/\/tuconsejeria.com\/wp-content\/uploads\/2024\/11\/e37b110cd866adacdf88851140929316.svg\",\"width\":184,\"height\":30,\"caption\":\"TuConsejeria\"},\"image\":{\"@id\":\"https:\/\/tuconsejeria.com\/#\/schema\/logo\/image\/\"}}]}<\/script>\n<!-- \/ Yoast SEO plugin. -->","yoast_head_json":{"title":"Solicitud recibida satisfactoriamente - TuConsejeria","robots":{"index":"index","follow":"follow","max-snippet":"max-snippet:-1","max-image-preview":"max-image-preview:large","max-video-preview":"max-video-preview:-1"},"canonical":"https:\/\/tuconsejeria.com\/en\/solicitud-recibida-satisfactoriamente\/","og_locale":"en_US","og_type":"article","og_title":"Solicitud recibida satisfactoriamente - TuConsejeria","og_description":"Solicitud recibidasatisfactoriamente Hemos recibido tu solicitud y nos pondremos en contacto contigo en un plazo de 1 a 2 d\u00edas h\u00e1biles, a trav\u00e9s de WhatsApp o el medio que utilizaste para contactarnos. En ese momento, te proporcionaremos informaci\u00f3n sobre la profesional asignada, m\u00e9todos de pago y detalles adicionales para comenzar tu proceso. Tu bienestar es [&hellip;]","og_url":"https:\/\/tuconsejeria.com\/en\/solicitud-recibida-satisfactoriamente\/","og_site_name":"TuConsejeria","article_modified_time":"2025-02-07T23:11:50+00:00","og_image":[{"url":"https:\/\/tuconsejeria.com\/wp-content\/uploads\/2024\/11\/facebook.svg","type":"","width":"","height":""}],"twitter_card":"summary_large_image","twitter_misc":{"Est. reading time":"2 minutes"},"schema":{"@context":"https:\/\/schema.org","@graph":[{"@type":"WebPage","@id":"https:\/\/tuconsejeria.com\/solicitud-recibida-satisfactoriamente\/","url":"https:\/\/tuconsejeria.com\/solicitud-recibida-satisfactoriamente\/","name":"Solicitud recibida satisfactoriamente - TuConsejeria","isPartOf":{"@id":"https:\/\/tuconsejeria.com\/#website"},"primaryImageOfPage":{"@id":"https:\/\/tuconsejeria.com\/solicitud-recibida-satisfactoriamente\/#primaryimage"},"image":{"@id":"https:\/\/tuconsejeria.com\/solicitud-recibida-satisfactoriamente\/#primaryimage"},"thumbnailUrl":"https:\/\/tuconsejeria.com\/wp-content\/uploads\/2024\/11\/facebook.svg","datePublished":"2025-02-07T21:34:21+00:00","dateModified":"2025-02-07T23:11:50+00:00","breadcrumb":{"@id":"https:\/\/tuconsejeria.com\/solicitud-recibida-satisfactoriamente\/#breadcrumb"},"inLanguage":"en-US","potentialAction":[{"@type":"ReadAction","target":["https:\/\/tuconsejeria.com\/solicitud-recibida-satisfactoriamente\/"]}]},{"@type":"ImageObject","inLanguage":"en-US","@id":"https:\/\/tuconsejeria.com\/solicitud-recibida-satisfactoriamente\/#primaryimage","url":"https:\/\/tuconsejeria.com\/wp-content\/uploads\/2024\/11\/facebook.svg","contentUrl":"https:\/\/tuconsejeria.com\/wp-content\/uploads\/2024\/11\/facebook.svg"},{"@type":"BreadcrumbList","@id":"https:\/\/tuconsejeria.com\/solicitud-recibida-satisfactoriamente\/#breadcrumb","itemListElement":[{"@type":"ListItem","position":1,"name":"Home","item":"https:\/\/tuconsejeria.com\/"},{"@type":"ListItem","position":2,"name":"Solicitud recibida satisfactoriamente"}]},{"@type":"WebSite","@id":"https:\/\/tuconsejeria.com\/#website","url":"https:\/\/tuconsejeria.com\/","name":"TuConsejeria","description":"Promovemos el bienestar emocional y psicol\u00f3gico a grupos vulnerables y desatendidos abordando sus necesidades espec\u00edficas.","publisher":{"@id":"https:\/\/tuconsejeria.com\/#organization"},"potentialAction":[{"@type":"SearchAction","target":{"@type":"EntryPoint","urlTemplate":"https:\/\/tuconsejeria.com\/?s={search_term_string}"},"query-input":{"@type":"PropertyValueSpecification","valueRequired":true,"valueName":"search_term_string"}}],"inLanguage":"en-US"},{"@type":"Organization","@id":"https:\/\/tuconsejeria.com\/#organization","name":"TuConsejeria","url":"https:\/\/tuconsejeria.com\/","logo":{"@type":"ImageObject","inLanguage":"en-US","@id":"https:\/\/tuconsejeria.com\/#\/schema\/logo\/image\/","url":"https:\/\/tuconsejeria.com\/wp-content\/uploads\/2024\/11\/e37b110cd866adacdf88851140929316.svg","contentUrl":"https:\/\/tuconsejeria.com\/wp-content\/uploads\/2024\/11\/e37b110cd866adacdf88851140929316.svg","width":184,"height":30,"caption":"TuConsejeria"},"image":{"@id":"https:\/\/tuconsejeria.com\/#\/schema\/logo\/image\/"}}]}},"jetpack_sharing_enabled":true,"_links":{"self":[{"href":"https:\/\/tuconsejeria.com\/en\/wp-json\/wp\/v2\/pages\/2517","targetHints":{"allow":["GET"]}}],"collection":[{"href":"https:\/\/tuconsejeria.com\/en\/wp-json\/wp\/v2\/pages"}],"about":[{"href":"https:\/\/tuconsejeria.com\/en\/wp-json\/wp\/v2\/types\/page"}],"author":[{"embeddable":true,"href":"https:\/\/tuconsejeria.com\/en\/wp-json\/wp\/v2\/users\/1"}],"replies":[{"embeddable":true,"href":"https:\/\/tuconsejeria.com\/en\/wp-json\/wp\/v2\/comments?post=2517"}],"version-history":[{"count":13,"href":"https:\/\/tuconsejeria.com\/en\/wp-json\/wp\/v2\/pages\/2517\/revisions"}],"predecessor-version":[{"id":2545,"href":"https:\/\/tuconsejeria.com\/en\/wp-json\/wp\/v2\/pages\/2517\/revisions\/2545"}],"wp:attachment":[{"href":"https:\/\/tuconsejeria.com\/en\/wp-json\/wp\/v2\/media?parent=2517"}],"curies":[{"name":"wp","href":"https:\/\/api.w.org\/{rel}","templated":true}]}}