{"id":1875,"date":"2024-11-28T06:01:26","date_gmt":"2024-11-28T06:01:26","guid":{"rendered":"https:\/\/new.tuconsejeria.com\/?page_id=1875"},"modified":"2024-11-28T06:08:46","modified_gmt":"2024-11-28T06:08:46","slug":"bidlab","status":"publish","type":"page","link":"https:\/\/tuconsejeria.com\/en\/bidlab\/","title":{"rendered":"IA al servicio de la salud mental"},"content":{"rendered":"<div data-elementor-type=\"wp-page\" data-elementor-id=\"1875\" class=\"elementor elementor-1875\" data-elementor-post-type=\"page\">\n\t\t\t\t\t\t<section class=\"elementor-section elementor-top-section elementor-element elementor-element-78fcb73f elementor-section-boxed elementor-section-height-default elementor-section-height-default\" data-id=\"78fcb73f\" data-element_type=\"section\">\n\t\t\t\t\t\t<div class=\"elementor-container elementor-column-gap-default\">\n\t\t\t\t\t<div class=\"elementor-column elementor-col-100 elementor-top-column elementor-element elementor-element-305d5f26\" data-id=\"305d5f26\" data-element_type=\"column\">\n\t\t\t<div class=\"elementor-widget-wrap elementor-element-populated\">\n\t\t\t\t\t\t<div class=\"elementor-element elementor-element-1a9b29b elementor-widget-tablet__width-initial elementor-widget-mobile__width-initial elementor-widget elementor-widget-heading\" data-id=\"1a9b29b\" data-element_type=\"widget\" data-widget_type=\"heading.default\">\n\t\t\t\t<div class=\"elementor-widget-container\">\n\t\t\t\t\t<h2 class=\"elementor-heading-title elementor-size-default\">IA <b>al Servicio de la<\/b> Mental Health<\/h2>\t\t\t\t<\/div>\n\t\t\t\t<\/div>\n\t\t\t\t<div class=\"elementor-element elementor-element-34833cf elementor-widget elementor-widget-text-editor\" data-id=\"34833cf\" data-element_type=\"widget\" data-widget_type=\"text-editor.default\">\n\t\t\t\t<div class=\"elementor-widget-container\">\n\t\t\t\t\t\t\t\t\t<p><i><span style=\"font-weight: 400;\">Innovaci\u00f3n e inteligencia artificial al servicio de la salud mental<\/span><\/i><\/p>\n<p><span style=\"font-weight: 400;\">[REGIONAL,&nbsp;<\/span><span style=\"color: var(--ast-global-color-3); font-size: 1rem;\">Guatemala, Mayo 2024<\/span><span style=\"font-style: inherit; color: var(--ast-global-color-3);\">] \u2013 En Guatemala una de cada tres personas mayores de 18 a\u00f1os ha padecido alg\u00fan trastorno mental, sin embargo, \u00fanicamente el 2.3% de la poblaci\u00f3n en general ha visitado a alg\u00fan profesional para recibir atenci\u00f3n. La falta de acceso a servicios de salud mental, especialmente para la poblaci\u00f3n en situaci\u00f3n de vulnerabilidad econ\u00f3mica, es un problema real, cada vez m\u00e1s com\u00fan y con impactos significativos, tanto econ\u00f3micos como sociales, que afecta especialmente a las poblaciones en condiciones de vulnerabilidad, de nivel socioecon\u00f3mico medio, bajo o en extrema pobreza que no pueden financiar servicios de salud.<\/span><\/p>\n<p>Tu Consejer\u00eda, es una empresa social que inici\u00f3 operaciones en Guatemala en el 2019 y que tiene como misi\u00f3n cerrar la brecha de acceso a salud mental para grupos desatendidos. A trav\u00e9s de soluciones tecnol\u00f3gicas y con el apoyo financiero de BID Lab se inicia en Guatemala el proyecto Innovaci\u00f3n e Inteligencia Artificial al Servicio de la Salud Mental y el Bienestar. Este ambicioso esfuerzo tiene como objetivo ampliar y personalizar el acceso a informaci\u00f3n y servicios de salud mental a precios accesibles, para mejorar el bienestar de los guatemaltecos en situaci\u00f3n de vulnerabilidad econ\u00f3mica a trav\u00e9s del desarrollo e implementaci\u00f3n de herramientas tecnol\u00f3gicas como la inteligencia artificial.<\/p>\n<p><span style=\"font-weight: 400;\">Esta herramienta, que funcionar\u00e1 a trav\u00e9s de Tu Consejeria y su marca <\/span><i><span style=\"font-weight: 400;\">Bienestare<\/span><\/i><span style=\"font-weight: 400;\">, consiste en servicios de chat en crisis que brindan apoyo psicol\u00f3gico confidencial, humano y accesible en horarios extendidos y de manera casi inmediata, adem\u00e1s de servicios de apoyo emocional individual y el desarrollo de un sistema que utilizar\u00e1 la inteligencia artificial para brindar informaci\u00f3n a las personas que lo necesiten.&nbsp;&nbsp;<\/span><\/p>\n<p><span style=\"font-weight: 400;\">Uno de los principales objetivos de este proyecto es poner esta herramienta al alcance de las personas que quieran mejorar su salud mental y que buscan su bienestar a trav\u00e9s de la atenci\u00f3n remota de Tu Consejer\u00eda.<\/span><\/p>\n<p><span style=\"font-weight: 400;\">Adem\u00e1s, el proyecto est\u00e1 alineado a la Estrategia del Grupo BID con Guatemala 2021-2024, la cual prioriza las acciones para apoyar la generaci\u00f3n de ingresos por medio del desarrollo del capital humano en dos \u00e1reas principales: la expansi\u00f3n de la cobertura y mejora de la calidad de la red de protecci\u00f3n social; y la ampliaci\u00f3n del acceso y calidad de la salud. Las intervenciones se focalizar\u00e1n en las zonas donde existen las mayores brechas, particularmente en \u00e1reas rurales con poblaci\u00f3n mayoritariamente ind\u00edgena y municipios donde hay una alta propensi\u00f3n a emigrar.<\/span><\/p>\n<p><span style=\"font-weight: 400;\">Este ambicioso proyecto busca beneficiar a un m\u00ednimo de 10,000 personas de manera directa, de poblaciones de nivel socioecon\u00f3mico medio, bajo y en extrema pobreza, y a 100,000 personas de manera indirecta incluyendo a familiares de los beneficiarios y otras personas dentro de su rango de influencia.<\/span><\/p>\n<p><span style=\"font-weight: 400;\">Alcanzar el bienestar y la salud mental de todos y todas las guatemaltecas no es una tarea f\u00e1cil y mucho menos una que se pueda realizar unilateralmente. Es un esfuerzo que nos involucra a todas y todos, por lo que Tu Consejeria y el BID Lab invitan a otras organizaciones, fundaciones, empresas e instituciones interesadas a formar parte de este gran proyecto.&nbsp;&nbsp;<\/span><\/p>\n<p><span style=\"font-weight: 400;\">Para obtener m\u00e1s informaci\u00f3n puede comunicarse con Diana Alonzo escribiendo a&nbsp;<\/span><a href=\"\/en\/diana@tuconsejeria.com\/\" target=\"_blank\" rel=\"noopener\">d<\/a><a href=\"mailto:diana@tuconsejeria.com\">iana@tuconsejeria.com<\/a><span style=\"font-weight: 400;\">&nbsp;o visita la p\u00e1gina de LinkedIn de <a href=\"https:\/\/www.linkedin.com\/company\/tuconsejeria\/mycompany\/\">Tu Consejeria<\/a>.<\/span><\/p>\t\t\t\t\t\t\t\t<\/div>\n\t\t\t\t<\/div>\n\t\t\t\t\t<\/div>\n\t\t<\/div>\n\t\t\t\t\t<\/div>\n\t\t<\/section>\n\t\t\t\t<\/div>","protected":false},"excerpt":{"rendered":"<p>IA al Servicio de la Salud Mental Innovaci\u00f3n e inteligencia artificial al servicio de la salud mental [REGIONAL,&nbsp;Guatemala, Mayo 2024] \u2013 En Guatemala una de cada tres personas mayores de 18 a\u00f1os ha padecido alg\u00fan trastorno mental, sin embargo, \u00fanicamente el 2.3% de la poblaci\u00f3n en general ha visitado a alg\u00fan profesional para recibir atenci\u00f3n. [&hellip;]<\/p>","protected":false},"author":1,"featured_media":0,"parent":0,"menu_order":0,"comment_status":"closed","ping_status":"closed","template":"","meta":{"om_disable_all_campaigns":false,"_monsterinsights_skip_tracking":false,"_monsterinsights_sitenote_active":false,"_monsterinsights_sitenote_note":"","_monsterinsights_sitenote_category":0,"_uf_show_specific_survey":0,"_uf_disable_surveys":false,"footnotes":""},"class_list":["post-1875","page","type-page","status-publish","hentry"],"yoast_head":"<!-- This site is optimized with the Yoast SEO plugin v25.2 - https:\/\/yoast.com\/wordpress\/plugins\/seo\/ -->\n<title>IA al servicio de la salud mental - TuConsejeria<\/title>\n<meta name=\"robots\" content=\"index, follow, max-snippet:-1, max-image-preview:large, max-video-preview:-1\" \/>\n<link rel=\"canonical\" href=\"https:\/\/tuconsejeria.com\/en\/bidlab\/\" \/>\n<meta property=\"og:locale\" content=\"en_US\" \/>\n<meta property=\"og:type\" content=\"article\" \/>\n<meta property=\"og:title\" content=\"IA al servicio de la salud mental - TuConsejeria\" \/>\n<meta property=\"og:description\" content=\"IA al Servicio de la Salud Mental Innovaci\u00f3n e inteligencia artificial al servicio de la salud mental [REGIONAL,&nbsp;Guatemala, Mayo 2024] \u2013 En Guatemala una de cada tres personas mayores de 18 a\u00f1os ha padecido alg\u00fan trastorno mental, sin embargo, \u00fanicamente el 2.3% de la poblaci\u00f3n en general ha visitado a alg\u00fan profesional para recibir atenci\u00f3n. [&hellip;]\" \/>\n<meta property=\"og:url\" content=\"https:\/\/tuconsejeria.com\/en\/bidlab\/\" \/>\n<meta property=\"og:site_name\" content=\"TuConsejeria\" \/>\n<meta property=\"article:modified_time\" content=\"2024-11-28T06:08:46+00:00\" \/>\n<meta name=\"twitter:card\" content=\"summary_large_image\" \/>\n<meta name=\"twitter:label1\" content=\"Est. reading time\" \/>\n\t<meta name=\"twitter:data1\" content=\"3 minutes\" \/>\n<script type=\"application\/ld+json\" class=\"yoast-schema-graph\">{\"@context\":\"https:\/\/schema.org\",\"@graph\":[{\"@type\":\"WebPage\",\"@id\":\"https:\/\/tuconsejeria.com\/bidlab\/\",\"url\":\"https:\/\/tuconsejeria.com\/bidlab\/\",\"name\":\"IA al servicio de la salud mental - TuConsejeria\",\"isPartOf\":{\"@id\":\"https:\/\/tuconsejeria.com\/#website\"},\"datePublished\":\"2024-11-28T06:01:26+00:00\",\"dateModified\":\"2024-11-28T06:08:46+00:00\",\"breadcrumb\":{\"@id\":\"https:\/\/tuconsejeria.com\/bidlab\/#breadcrumb\"},\"inLanguage\":\"en-US\",\"potentialAction\":[{\"@type\":\"ReadAction\",\"target\":[\"https:\/\/tuconsejeria.com\/bidlab\/\"]}]},{\"@type\":\"BreadcrumbList\",\"@id\":\"https:\/\/tuconsejeria.com\/bidlab\/#breadcrumb\",\"itemListElement\":[{\"@type\":\"ListItem\",\"position\":1,\"name\":\"Home\",\"item\":\"https:\/\/tuconsejeria.com\/\"},{\"@type\":\"ListItem\",\"position\":2,\"name\":\"IA al servicio de la salud mental\"}]},{\"@type\":\"WebSite\",\"@id\":\"https:\/\/tuconsejeria.com\/#website\",\"url\":\"https:\/\/tuconsejeria.com\/\",\"name\":\"TuConsejeria\",\"description\":\"Promovemos el bienestar emocional y psicol\u00f3gico a grupos vulnerables y desatendidos abordando sus necesidades espec\u00edficas.\",\"publisher\":{\"@id\":\"https:\/\/tuconsejeria.com\/#organization\"},\"potentialAction\":[{\"@type\":\"SearchAction\",\"target\":{\"@type\":\"EntryPoint\",\"urlTemplate\":\"https:\/\/tuconsejeria.com\/?s={search_term_string}\"},\"query-input\":{\"@type\":\"PropertyValueSpecification\",\"valueRequired\":true,\"valueName\":\"search_term_string\"}}],\"inLanguage\":\"en-US\"},{\"@type\":\"Organization\",\"@id\":\"https:\/\/tuconsejeria.com\/#organization\",\"name\":\"TuConsejeria\",\"url\":\"https:\/\/tuconsejeria.com\/\",\"logo\":{\"@type\":\"ImageObject\",\"inLanguage\":\"en-US\",\"@id\":\"https:\/\/tuconsejeria.com\/#\/schema\/logo\/image\/\",\"url\":\"https:\/\/tuconsejeria.com\/wp-content\/uploads\/2024\/11\/e37b110cd866adacdf88851140929316.svg\",\"contentUrl\":\"https:\/\/tuconsejeria.com\/wp-content\/uploads\/2024\/11\/e37b110cd866adacdf88851140929316.svg\",\"width\":184,\"height\":30,\"caption\":\"TuConsejeria\"},\"image\":{\"@id\":\"https:\/\/tuconsejeria.com\/#\/schema\/logo\/image\/\"}}]}<\/script>\n<!-- \/ Yoast SEO plugin. -->","yoast_head_json":{"title":"IA al servicio de la salud mental - TuConsejeria","robots":{"index":"index","follow":"follow","max-snippet":"max-snippet:-1","max-image-preview":"max-image-preview:large","max-video-preview":"max-video-preview:-1"},"canonical":"https:\/\/tuconsejeria.com\/en\/bidlab\/","og_locale":"en_US","og_type":"article","og_title":"IA al servicio de la salud mental - TuConsejeria","og_description":"IA al Servicio de la Salud Mental Innovaci\u00f3n e inteligencia artificial al servicio de la salud mental [REGIONAL,&nbsp;Guatemala, Mayo 2024] \u2013 En Guatemala una de cada tres personas mayores de 18 a\u00f1os ha padecido alg\u00fan trastorno mental, sin embargo, \u00fanicamente el 2.3% de la poblaci\u00f3n en general ha visitado a alg\u00fan profesional para recibir atenci\u00f3n. [&hellip;]","og_url":"https:\/\/tuconsejeria.com\/en\/bidlab\/","og_site_name":"TuConsejeria","article_modified_time":"2024-11-28T06:08:46+00:00","twitter_card":"summary_large_image","twitter_misc":{"Est. reading time":"3 minutes"},"schema":{"@context":"https:\/\/schema.org","@graph":[{"@type":"WebPage","@id":"https:\/\/tuconsejeria.com\/bidlab\/","url":"https:\/\/tuconsejeria.com\/bidlab\/","name":"IA al servicio de la salud mental - TuConsejeria","isPartOf":{"@id":"https:\/\/tuconsejeria.com\/#website"},"datePublished":"2024-11-28T06:01:26+00:00","dateModified":"2024-11-28T06:08:46+00:00","breadcrumb":{"@id":"https:\/\/tuconsejeria.com\/bidlab\/#breadcrumb"},"inLanguage":"en-US","potentialAction":[{"@type":"ReadAction","target":["https:\/\/tuconsejeria.com\/bidlab\/"]}]},{"@type":"BreadcrumbList","@id":"https:\/\/tuconsejeria.com\/bidlab\/#breadcrumb","itemListElement":[{"@type":"ListItem","position":1,"name":"Home","item":"https:\/\/tuconsejeria.com\/"},{"@type":"ListItem","position":2,"name":"IA al servicio de la salud mental"}]},{"@type":"WebSite","@id":"https:\/\/tuconsejeria.com\/#website","url":"https:\/\/tuconsejeria.com\/","name":"TuConsejeria","description":"Promovemos el bienestar emocional y psicol\u00f3gico a grupos vulnerables y desatendidos abordando sus necesidades espec\u00edficas.","publisher":{"@id":"https:\/\/tuconsejeria.com\/#organization"},"potentialAction":[{"@type":"SearchAction","target":{"@type":"EntryPoint","urlTemplate":"https:\/\/tuconsejeria.com\/?s={search_term_string}"},"query-input":{"@type":"PropertyValueSpecification","valueRequired":true,"valueName":"search_term_string"}}],"inLanguage":"en-US"},{"@type":"Organization","@id":"https:\/\/tuconsejeria.com\/#organization","name":"TuConsejeria","url":"https:\/\/tuconsejeria.com\/","logo":{"@type":"ImageObject","inLanguage":"en-US","@id":"https:\/\/tuconsejeria.com\/#\/schema\/logo\/image\/","url":"https:\/\/tuconsejeria.com\/wp-content\/uploads\/2024\/11\/e37b110cd866adacdf88851140929316.svg","contentUrl":"https:\/\/tuconsejeria.com\/wp-content\/uploads\/2024\/11\/e37b110cd866adacdf88851140929316.svg","width":184,"height":30,"caption":"TuConsejeria"},"image":{"@id":"https:\/\/tuconsejeria.com\/#\/schema\/logo\/image\/"}}]}},"jetpack_sharing_enabled":true,"_links":{"self":[{"href":"https:\/\/tuconsejeria.com\/en\/wp-json\/wp\/v2\/pages\/1875","targetHints":{"allow":["GET"]}}],"collection":[{"href":"https:\/\/tuconsejeria.com\/en\/wp-json\/wp\/v2\/pages"}],"about":[{"href":"https:\/\/tuconsejeria.com\/en\/wp-json\/wp\/v2\/types\/page"}],"author":[{"embeddable":true,"href":"https:\/\/tuconsejeria.com\/en\/wp-json\/wp\/v2\/users\/1"}],"replies":[{"embeddable":true,"href":"https:\/\/tuconsejeria.com\/en\/wp-json\/wp\/v2\/comments?post=1875"}],"version-history":[{"count":5,"href":"https:\/\/tuconsejeria.com\/en\/wp-json\/wp\/v2\/pages\/1875\/revisions"}],"predecessor-version":[{"id":1888,"href":"https:\/\/tuconsejeria.com\/en\/wp-json\/wp\/v2\/pages\/1875\/revisions\/1888"}],"wp:attachment":[{"href":"https:\/\/tuconsejeria.com\/en\/wp-json\/wp\/v2\/media?parent=1875"}],"curies":[{"name":"wp","href":"https:\/\/api.w.org\/{rel}","templated":true}]}}